{"id":1156,"date":"2026-05-09T01:27:35","date_gmt":"2026-05-09T01:27:35","guid":{"rendered":"https:\/\/happybuying.shop\/?post_type=product&#038;p=1156"},"modified":"2026-05-09T01:33:51","modified_gmt":"2026-05-09T01:33:51","slug":"songmics-komoda-7-szuflad-do-przechowywania-sypialnia-szafka-do-przechowywania-stal-plyta-mdf-wloknina-do-sypialni-szafy-przedpokoju-salonu-rustykalny-braz-i-czarny-atrament","status":"publish","type":"product","link":"https:\/\/happybuying.shop\/pl\/produkt\/songmics-komoda-7-szuflad-do-przechowywania-sypialnia-szafka-do-przechowywania-stal-plyta-mdf-wloknina-do-sypialni-szafy-przedpokoju-salonu-rustykalny-braz-i-czarny-atrament\/","title":{"rendered":"SONGMICS Komoda, 7 szuflad do przechowywania, sypialnia, szafka do przechowywania, stal, p\u0142yta MDF, w\u0142\u00f3knina, do sypialni, szafy, przedpokoju, salonu, rustykalny br\u0105z i czarny atrament"},"content":{"rendered":"<div data-elementor-type=\"product-post\" data-elementor-id=\"1156\" class=\"elementor elementor-1156\" data-elementor-post-type=\"product\">\n\t\t\t\t<div class=\"elementor-element elementor-element-10c754a7 e-flex e-con-boxed e-con e-parent\" data-id=\"10c754a7\" data-element_type=\"container\" data-e-type=\"container\" data-settings=\"{&quot;ekit_has_onepagescroll_dot&quot;:&quot;yes&quot;}\">\n\t\t\t\t\t<div class=\"e-con-inner\">\n\t\t<div class=\"elementor-element elementor-element-4fc20e28 e-con-full e-flex e-con e-child\" data-id=\"4fc20e28\" data-element_type=\"container\" data-e-type=\"container\" data-settings=\"{&quot;ekit_has_onepagescroll_dot&quot;:&quot;yes&quot;}\">\n\t\t\t\t<div class=\"elementor-element elementor-element-5946f243 elementor-widget elementor-widget-image\" data-id=\"5946f243\" data-element_type=\"widget\" data-e-type=\"widget\" data-settings=\"{&quot;ekit_we_effect_on&quot;:&quot;none&quot;}\" data-widget_type=\"image.default\">\n\t\t\t\t\t\t\t\t\t\t\t\t\t\t\t<img fetchpriority=\"high\" decoding=\"async\" width=\"1464\" height=\"600\" src=\"https:\/\/happybuying.shop\/wp-content\/uploads\/2026\/05\/8c4e08f6-10a0-41be-a011-25a5cd973199.__CR001464600_PT0_SX1464_V1___.jpg\" class=\"attachment-full size-full wp-image-1182 wvs-archive-product-image\" alt=\"\" srcset=\"https:\/\/happybuying.shop\/wp-content\/uploads\/2026\/05\/8c4e08f6-10a0-41be-a011-25a5cd973199.__CR001464600_PT0_SX1464_V1___.jpg 1464w, https:\/\/happybuying.shop\/wp-content\/uploads\/2026\/05\/8c4e08f6-10a0-41be-a011-25a5cd973199.__CR001464600_PT0_SX1464_V1___-300x123.jpg 300w, https:\/\/happybuying.shop\/wp-content\/uploads\/2026\/05\/8c4e08f6-10a0-41be-a011-25a5cd973199.__CR001464600_PT0_SX1464_V1___-1024x420.jpg 1024w, https:\/\/happybuying.shop\/wp-content\/uploads\/2026\/05\/8c4e08f6-10a0-41be-a011-25a5cd973199.__CR001464600_PT0_SX1464_V1___-768x315.jpg 768w, https:\/\/happybuying.shop\/wp-content\/uploads\/2026\/05\/8c4e08f6-10a0-41be-a011-25a5cd973199.__CR001464600_PT0_SX1464_V1___-18x7.jpg 18w, https:\/\/happybuying.shop\/wp-content\/uploads\/2026\/05\/8c4e08f6-10a0-41be-a011-25a5cd973199.__CR001464600_PT0_SX1464_V1___-600x246.jpg 600w\" sizes=\"(max-width: 1464px) 100vw, 1464px\" \/>\t\t\t\t\t\t\t\t\t\t\t\t\t\t\t<\/div>\n\t\t\t\t<\/div>\n\t\t\t\t<div class=\"elementor-element elementor-element-48a9749f elementor-widget elementor-widget-image\" data-id=\"48a9749f\" data-element_type=\"widget\" data-e-type=\"widget\" data-settings=\"{&quot;ekit_we_effect_on&quot;:&quot;none&quot;}\" data-widget_type=\"image.default\">\n\t\t\t\t\t\t\t\t\t\t\t\t\t\t\t<img decoding=\"async\" width=\"970\" height=\"600\" src=\"https:\/\/happybuying.shop\/wp-content\/uploads\/2026\/05\/0f6a7978-b766-4b1c-9861-29b47ebd5027.__CR00970600_PT0_SX970_V1___.jpg\" class=\"attachment-full size-full wp-image-1183 wvs-archive-product-image\" alt=\"\" srcset=\"https:\/\/happybuying.shop\/wp-content\/uploads\/2026\/05\/0f6a7978-b766-4b1c-9861-29b47ebd5027.__CR00970600_PT0_SX970_V1___.jpg 970w, https:\/\/happybuying.shop\/wp-content\/uploads\/2026\/05\/0f6a7978-b766-4b1c-9861-29b47ebd5027.__CR00970600_PT0_SX970_V1___-300x186.jpg 300w, https:\/\/happybuying.shop\/wp-content\/uploads\/2026\/05\/0f6a7978-b766-4b1c-9861-29b47ebd5027.__CR00970600_PT0_SX970_V1___-768x475.jpg 768w, https:\/\/happybuying.shop\/wp-content\/uploads\/2026\/05\/0f6a7978-b766-4b1c-9861-29b47ebd5027.__CR00970600_PT0_SX970_V1___-18x12.jpg 18w, https:\/\/happybuying.shop\/wp-content\/uploads\/2026\/05\/0f6a7978-b766-4b1c-9861-29b47ebd5027.__CR00970600_PT0_SX970_V1___-600x371.jpg 600w\" sizes=\"(max-width: 970px) 100vw, 970px\" \/>\t\t\t\t\t\t\t\t\t\t\t\t\t\t\t<\/div>\n\t\t\t\t<div class=\"elementor-element elementor-element-763d0585 elementor-widget elementor-widget-image\" data-id=\"763d0585\" data-element_type=\"widget\" data-e-type=\"widget\" data-settings=\"{&quot;ekit_we_effect_on&quot;:&quot;none&quot;}\" data-widget_type=\"image.default\">\n\t\t\t\t\t\t\t\t\t\t\t\t\t\t\t<img decoding=\"async\" width=\"970\" height=\"600\" src=\"https:\/\/happybuying.shop\/wp-content\/uploads\/2026\/05\/990aff73-ce47-4dd5-b1c9-37b7cdfd32f4.__CR00970600_PT0_SX970_V1___.jpg\" class=\"attachment-full size-full wp-image-1184 wvs-archive-product-image\" alt=\"\" srcset=\"https:\/\/happybuying.shop\/wp-content\/uploads\/2026\/05\/990aff73-ce47-4dd5-b1c9-37b7cdfd32f4.__CR00970600_PT0_SX970_V1___.jpg 970w, https:\/\/happybuying.shop\/wp-content\/uploads\/2026\/05\/990aff73-ce47-4dd5-b1c9-37b7cdfd32f4.__CR00970600_PT0_SX970_V1___-300x186.jpg 300w, https:\/\/happybuying.shop\/wp-content\/uploads\/2026\/05\/990aff73-ce47-4dd5-b1c9-37b7cdfd32f4.__CR00970600_PT0_SX970_V1___-768x475.jpg 768w, https:\/\/happybuying.shop\/wp-content\/uploads\/2026\/05\/990aff73-ce47-4dd5-b1c9-37b7cdfd32f4.__CR00970600_PT0_SX970_V1___-18x12.jpg 18w, https:\/\/happybuying.shop\/wp-content\/uploads\/2026\/05\/990aff73-ce47-4dd5-b1c9-37b7cdfd32f4.__CR00970600_PT0_SX970_V1___-600x371.jpg 600w\" sizes=\"(max-width: 970px) 100vw, 970px\" \/>\t\t\t\t\t\t\t\t\t\t\t\t\t\t\t<\/div>\n\t\t<div class=\"elementor-element elementor-element-292485a1 e-con-full e-flex e-con e-child\" data-id=\"292485a1\" data-element_type=\"container\" data-e-type=\"container\" data-settings=\"{&quot;ekit_has_onepagescroll_dot&quot;:&quot;yes&quot;}\">\n\t\t\t\t<div class=\"elementor-element elementor-element-2c3f4b78 elementor-widget elementor-widget-image\" data-id=\"2c3f4b78\" data-element_type=\"widget\" data-e-type=\"widget\" data-settings=\"{&quot;ekit_we_effect_on&quot;:&quot;none&quot;}\" data-widget_type=\"image.default\">\n\t\t\t\t\t\t\t\t\t\t\t\t\t\t\t<img loading=\"lazy\" decoding=\"async\" width=\"1200\" height=\"1500\" src=\"https:\/\/happybuying.shop\/wp-content\/uploads\/2026\/05\/716cSLgAA5L._AC_SL1500_.jpg\" class=\"attachment-full size-full wp-image-1185 wvs-archive-product-image\" alt=\"\" srcset=\"https:\/\/happybuying.shop\/wp-content\/uploads\/2026\/05\/716cSLgAA5L._AC_SL1500_.jpg 1200w, https:\/\/happybuying.shop\/wp-content\/uploads\/2026\/05\/716cSLgAA5L._AC_SL1500_-240x300.jpg 240w, https:\/\/happybuying.shop\/wp-content\/uploads\/2026\/05\/716cSLgAA5L._AC_SL1500_-819x1024.jpg 819w, https:\/\/happybuying.shop\/wp-content\/uploads\/2026\/05\/716cSLgAA5L._AC_SL1500_-768x960.jpg 768w, https:\/\/happybuying.shop\/wp-content\/uploads\/2026\/05\/716cSLgAA5L._AC_SL1500_-10x12.jpg 10w, https:\/\/happybuying.shop\/wp-content\/uploads\/2026\/05\/716cSLgAA5L._AC_SL1500_-600x750.jpg 600w\" sizes=\"(max-width: 1200px) 100vw, 1200px\" \/>\t\t\t\t\t\t\t\t\t\t\t\t\t\t\t<\/div>\n\t\t<div class=\"elementor-element elementor-element-4505d65b e-con-full e-flex e-con e-child\" data-id=\"4505d65b\" data-element_type=\"container\" data-e-type=\"container\" data-settings=\"{&quot;ekit_has_onepagescroll_dot&quot;:&quot;yes&quot;}\">\n\t\t\t\t<div class=\"elementor-element elementor-element-2929312e elementor-widget elementor-widget-image\" data-id=\"2929312e\" data-element_type=\"widget\" data-e-type=\"widget\" data-settings=\"{&quot;ekit_we_effect_on&quot;:&quot;none&quot;}\" data-widget_type=\"image.default\">\n\t\t\t\t\t\t\t\t\t\t\t\t\t\t\t<img loading=\"lazy\" decoding=\"async\" width=\"1200\" height=\"1500\" src=\"https:\/\/happybuying.shop\/wp-content\/uploads\/2026\/05\/71nxV5jeZ-L._AC_SL1500_.jpg\" class=\"attachment-full size-full wp-image-1186 wvs-archive-product-image\" alt=\"\" srcset=\"https:\/\/happybuying.shop\/wp-content\/uploads\/2026\/05\/71nxV5jeZ-L._AC_SL1500_.jpg 1200w, https:\/\/happybuying.shop\/wp-content\/uploads\/2026\/05\/71nxV5jeZ-L._AC_SL1500_-240x300.jpg 240w, https:\/\/happybuying.shop\/wp-content\/uploads\/2026\/05\/71nxV5jeZ-L._AC_SL1500_-819x1024.jpg 819w, https:\/\/happybuying.shop\/wp-content\/uploads\/2026\/05\/71nxV5jeZ-L._AC_SL1500_-768x960.jpg 768w, https:\/\/happybuying.shop\/wp-content\/uploads\/2026\/05\/71nxV5jeZ-L._AC_SL1500_-10x12.jpg 10w, https:\/\/happybuying.shop\/wp-content\/uploads\/2026\/05\/71nxV5jeZ-L._AC_SL1500_-600x750.jpg 600w\" sizes=\"(max-width: 1200px) 100vw, 1200px\" \/>\t\t\t\t\t\t\t\t\t\t\t\t\t\t\t<\/div>\n\t\t\t\t<\/div>\n\t\t\t\t<\/div>\n\t\t\t\t\t<\/div>\n\t\t\t\t<\/div>\n\t\t<div class=\"elementor-element elementor-element-1b145d52 e-flex e-con-boxed e-con e-parent\" data-id=\"1b145d52\" data-element_type=\"container\" data-e-type=\"container\" data-settings=\"{&quot;ekit_has_onepagescroll_dot&quot;:&quot;yes&quot;}\">\n\t\t\t\t\t<div class=\"e-con-inner\">\n\t\t\t\t<div class=\"elementor-element elementor-element-226a86fb elementor-widget elementor-widget-heading\" data-id=\"226a86fb\" data-element_type=\"widget\" data-e-type=\"widget\" data-settings=\"{&quot;ekit_we_effect_on&quot;:&quot;none&quot;}\" data-widget_type=\"heading.default\">\n\t\t\t\t\t<h2 class=\"elementor-heading-title elementor-size-default\">Szczeg\u00f3\u0142y, kt\u00f3re lubisz<\/h2>\t\t\t\t<\/div>\n\t\t<div class=\"elementor-element elementor-element-6ce05de9 e-grid e-con-full e-con e-child\" data-id=\"6ce05de9\" data-element_type=\"container\" data-e-type=\"container\" data-settings=\"{&quot;ekit_has_onepagescroll_dot&quot;:&quot;yes&quot;}\">\n\t\t\t\t<div class=\"elementor-element elementor-element-789f2c9b elementor-position-top elementor-widget elementor-widget-image-box\" data-id=\"789f2c9b\" data-element_type=\"widget\" data-e-type=\"widget\" data-settings=\"{&quot;ekit_we_effect_on&quot;:&quot;none&quot;}\" data-widget_type=\"image-box.default\">\n\t\t\t\t\t<div class=\"elementor-image-box-wrapper\"><figure class=\"elementor-image-box-img\"><img loading=\"lazy\" decoding=\"async\" width=\"1500\" height=\"1500\" src=\"https:\/\/happybuying.shop\/wp-content\/uploads\/2026\/05\/81wifQWGEOL._AC_SL1500_.jpg\" class=\"attachment-full size-full wp-image-1187 wvs-archive-product-image\" alt=\"\" srcset=\"https:\/\/happybuying.shop\/wp-content\/uploads\/2026\/05\/81wifQWGEOL._AC_SL1500_.jpg 1500w, https:\/\/happybuying.shop\/wp-content\/uploads\/2026\/05\/81wifQWGEOL._AC_SL1500_-300x300.jpg 300w, https:\/\/happybuying.shop\/wp-content\/uploads\/2026\/05\/81wifQWGEOL._AC_SL1500_-1024x1024.jpg 1024w, https:\/\/happybuying.shop\/wp-content\/uploads\/2026\/05\/81wifQWGEOL._AC_SL1500_-150x150.jpg 150w, https:\/\/happybuying.shop\/wp-content\/uploads\/2026\/05\/81wifQWGEOL._AC_SL1500_-768x768.jpg 768w, https:\/\/happybuying.shop\/wp-content\/uploads\/2026\/05\/81wifQWGEOL._AC_SL1500_-12x12.jpg 12w, https:\/\/happybuying.shop\/wp-content\/uploads\/2026\/05\/81wifQWGEOL._AC_SL1500_-600x600.jpg 600w, https:\/\/happybuying.shop\/wp-content\/uploads\/2026\/05\/81wifQWGEOL._AC_SL1500_-100x100.jpg 100w, https:\/\/happybuying.shop\/wp-content\/uploads\/2026\/05\/81wifQWGEOL._AC_SL1500_-50x50.jpg 50w\" sizes=\"(max-width: 1500px) 100vw, 1500px\" \/><\/figure><div class=\"elementor-image-box-content\"><h3 class=\"elementor-image-box-title\">Przestronna powierzchnia<\/h3><p class=\"elementor-image-box-description\">Zapewnia wi\u0119cej miejsca do wy\u015bwietlania lub przechowywania przedmiot\u00f3w.<\/p><\/div><\/div>\t\t\t\t<\/div>\n\t\t\t\t<div class=\"elementor-element elementor-element-6786657c elementor-position-top elementor-widget elementor-widget-image-box\" data-id=\"6786657c\" data-element_type=\"widget\" data-e-type=\"widget\" data-settings=\"{&quot;ekit_we_effect_on&quot;:&quot;none&quot;}\" data-widget_type=\"image-box.default\">\n\t\t\t\t\t<div class=\"elementor-image-box-wrapper\"><figure class=\"elementor-image-box-img\"><img loading=\"lazy\" decoding=\"async\" width=\"1500\" height=\"1500\" src=\"https:\/\/happybuying.shop\/wp-content\/uploads\/2026\/05\/91NGJ4y7nML._AC_SL1500_-1.jpg\" class=\"attachment-full size-full wp-image-1188 wvs-archive-product-image\" alt=\"\" srcset=\"https:\/\/happybuying.shop\/wp-content\/uploads\/2026\/05\/91NGJ4y7nML._AC_SL1500_-1.jpg 1500w, https:\/\/happybuying.shop\/wp-content\/uploads\/2026\/05\/91NGJ4y7nML._AC_SL1500_-1-300x300.jpg 300w, https:\/\/happybuying.shop\/wp-content\/uploads\/2026\/05\/91NGJ4y7nML._AC_SL1500_-1-1024x1024.jpg 1024w, https:\/\/happybuying.shop\/wp-content\/uploads\/2026\/05\/91NGJ4y7nML._AC_SL1500_-1-150x150.jpg 150w, https:\/\/happybuying.shop\/wp-content\/uploads\/2026\/05\/91NGJ4y7nML._AC_SL1500_-1-768x768.jpg 768w, https:\/\/happybuying.shop\/wp-content\/uploads\/2026\/05\/91NGJ4y7nML._AC_SL1500_-1-12x12.jpg 12w, https:\/\/happybuying.shop\/wp-content\/uploads\/2026\/05\/91NGJ4y7nML._AC_SL1500_-1-600x600.jpg 600w, https:\/\/happybuying.shop\/wp-content\/uploads\/2026\/05\/91NGJ4y7nML._AC_SL1500_-1-100x100.jpg 100w, https:\/\/happybuying.shop\/wp-content\/uploads\/2026\/05\/91NGJ4y7nML._AC_SL1500_-1-50x50.jpg 50w\" sizes=\"(max-width: 1500px) 100vw, 1500px\" \/><\/figure><div class=\"elementor-image-box-content\"><h3 class=\"elementor-image-box-title\">Regulowany sp\u00f3d<\/h3><p class=\"elementor-image-box-description\">Dzi\u0119ki regulowanym n\u00f3\u017ckom szafka stoi bezpiecznie i stabilnie nawet na lekko nier\u00f3wnych pod\u0142ogach.<\/p><\/div><\/div>\t\t\t\t<\/div>\n\t\t\t\t<div class=\"elementor-element elementor-element-141f3cd9 elementor-position-top elementor-widget elementor-widget-image-box\" data-id=\"141f3cd9\" data-element_type=\"widget\" data-e-type=\"widget\" data-settings=\"{&quot;ekit_we_effect_on&quot;:&quot;none&quot;}\" data-widget_type=\"image-box.default\">\n\t\t\t\t\t<div class=\"elementor-image-box-wrapper\"><figure class=\"elementor-image-box-img\"><img loading=\"lazy\" decoding=\"async\" width=\"976\" height=\"999\" src=\"https:\/\/happybuying.shop\/wp-content\/uploads\/2026\/05\/91chWZeBL4L._AC_SL1500__\u526f\u672c-5.jpg\" class=\"attachment-full size-full wp-image-1189 wvs-archive-product-image\" alt=\"\" srcset=\"https:\/\/happybuying.shop\/wp-content\/uploads\/2026\/05\/91chWZeBL4L._AC_SL1500__\u526f\u672c-5.jpg 976w, https:\/\/happybuying.shop\/wp-content\/uploads\/2026\/05\/91chWZeBL4L._AC_SL1500__\u526f\u672c-5-293x300.jpg 293w, https:\/\/happybuying.shop\/wp-content\/uploads\/2026\/05\/91chWZeBL4L._AC_SL1500__\u526f\u672c-5-768x786.jpg 768w, https:\/\/happybuying.shop\/wp-content\/uploads\/2026\/05\/91chWZeBL4L._AC_SL1500__\u526f\u672c-5-12x12.jpg 12w, https:\/\/happybuying.shop\/wp-content\/uploads\/2026\/05\/91chWZeBL4L._AC_SL1500__\u526f\u672c-5-600x614.jpg 600w, https:\/\/happybuying.shop\/wp-content\/uploads\/2026\/05\/91chWZeBL4L._AC_SL1500__\u526f\u672c-5-50x50.jpg 50w\" sizes=\"(max-width: 976px) 100vw, 976px\" \/><\/figure><div class=\"elementor-image-box-content\"><h3 class=\"elementor-image-box-title\">Wysokiej jako\u015bci uchwyty<\/h3><p class=\"elementor-image-box-description\">U\u0142atw sobie wysuwanie szuflad do przechowywania.<\/p><\/div><\/div>\t\t\t\t<\/div>\n\t\t\t\t<div class=\"elementor-element elementor-element-11b05302 elementor-position-top elementor-widget elementor-widget-image-box\" data-id=\"11b05302\" data-element_type=\"widget\" data-e-type=\"widget\" data-settings=\"{&quot;ekit_we_effect_on&quot;:&quot;none&quot;}\" data-widget_type=\"image-box.default\">\n\t\t\t\t\t<div class=\"elementor-image-box-wrapper\"><figure class=\"elementor-image-box-img\"><img loading=\"lazy\" decoding=\"async\" width=\"800\" height=\"827\" src=\"https:\/\/happybuying.shop\/wp-content\/uploads\/2026\/05\/1_\u526f\u672c.jpg\" class=\"attachment-full size-full wp-image-1190 wvs-archive-product-image\" alt=\"\" srcset=\"https:\/\/happybuying.shop\/wp-content\/uploads\/2026\/05\/1_\u526f\u672c.jpg 800w, https:\/\/happybuying.shop\/wp-content\/uploads\/2026\/05\/1_\u526f\u672c-290x300.jpg 290w, https:\/\/happybuying.shop\/wp-content\/uploads\/2026\/05\/1_\u526f\u672c-768x794.jpg 768w, https:\/\/happybuying.shop\/wp-content\/uploads\/2026\/05\/1_\u526f\u672c-12x12.jpg 12w, https:\/\/happybuying.shop\/wp-content\/uploads\/2026\/05\/1_\u526f\u672c-600x620.jpg 600w\" sizes=\"(max-width: 800px) 100vw, 800px\" \/><\/figure><div class=\"elementor-image-box-content\"><h3 class=\"elementor-image-box-title\">Zabezpieczenie przed przewr\u00f3ceniem<\/h3><p class=\"elementor-image-box-description\">Przymocuj szafk\u0119 do \u015bciany za pomoc\u0105 zabezpieczenia przed przewr\u00f3ceniem, aby zapewni\u0107 dodatkow\u0105 stabilno\u015b\u0107 i bezpiecze\u0144stwo.<\/p><\/div><\/div>\t\t\t\t<\/div>\n\t\t\t\t<\/div>\n\t\t\t\t\t<\/div>\n\t\t\t\t<\/div>\n\t\t<div class=\"elementor-element elementor-element-5bbac615 e-flex e-con-boxed e-con e-parent\" data-id=\"5bbac615\" data-element_type=\"container\" data-e-type=\"container\" data-settings=\"{&quot;ekit_has_onepagescroll_dot&quot;:&quot;yes&quot;}\">\n\t\t\t\t\t<div class=\"e-con-inner\">\n\t\t\t\t<div class=\"elementor-element elementor-element-1ad7dd17 elementor-widget elementor-widget-text-editor\" data-id=\"1ad7dd17\" data-element_type=\"widget\" data-e-type=\"widget\" data-settings=\"{&quot;ekit_we_effect_on&quot;:&quot;none&quot;}\" data-widget_type=\"text-editor.default\">\n\t\t\t\t\t\t\t\t\t<!DOCTYPE html>\n<html lang=\"pl\">\n<head>\n<meta charset=\"UTF-8\">\n<meta name=\"viewport\" content=\"width=device-width, initial-scale=1.0, maximum-scale=1.0, user-scalable=no\">\n<meta http-equiv=\"X-UA-Compatible\" content=\"IE=edge\">\n<title>Product Specifications<\/title>\n<style>\n    * {\n        margin: 0;\n        padding: 0;\n        box-sizing: border-box;\n        -webkit-box-sizing: border-box;\n    }\n    body {\n        background: #ffffff;\n        font-family: Arial, 'Segoe UI', Roboto, sans-serif;\n        padding: 0;\n        margin: 0;\n    }\n    .spec-table {\n        width: 100% !important;\n        border-collapse: collapse !important;\n        font-size: 14px;\n        line-height: 1.6;\n        table-layout: fixed;\n        word-wrap: break-word;\n    }\n    .spec-table tr {\n        border-bottom: 1px solid #e6eef7;\n    }\n    .spec-table td {\n        padding: 11px 12px;\n        vertical-align: middle;\n    }\n    .spec-table td:nth-child(1),\n    .spec-table td:nth-child(3) {\n        width: 25% !important;\n        font-weight: 500;\n        color: #2d70b3;\n        background: #f5f9ff;\n        text-align: left;\n    }\n    .spec-table td:nth-child(2),\n    .spec-table td:nth-child(4) {\n        width: 25% !important;\n        color: #333333;\n        background: #ffffff;\n        text-align: left;\n    }\n<\/style>\n<\/head>\n<body>\n\n<table class=\"spec-table\">\n<tbody>\n<tr>\n<td>Kolor<\/td>\n<td>Dove szaro-chmurno-bia\u0142y<\/td>\n<td>Materia\u0142<\/td>\n<td>p\u0142yta wi\u00f3rowa, stal, fronty szuflad z tkaniny<\/td>\n<\/tr>\n<tr>\n<td>Wymiary ca\u0142kowite<\/td>\n<td>28,5 x 98 x 85 cm<\/td>\n<td>Wymiary ma\u0142ej szuflady<\/td>\n<td>27,5 x 29,5 x 21,5 cm<\/td>\n<\/tr>\n<tr>\n<td>Wymiary du\u017cej szuflady<\/td>\n<td>27,5 x 46 x 21,5 cm<\/td>\n<td>Waga<\/td>\n<td>12,8 kg<\/td>\n<\/tr>\n<tr>\n<td>Obci\u0105\u017cenie szuflady<\/td>\n<td>3 kg<\/td>\n<td>Obci\u0105\u017cenie powierzchni<\/td>\n<td>50 kg<\/td>\n<\/tr>\n<tr>\n<td>Maks. ca\u0142kowite obci\u0105\u017cenie<\/td>\n<td>71 kg<\/td>\n<td><\/td>\n<td><\/td>\n<\/tr>\n<\/tbody>\n<\/table>\n\n<\/body>\n<\/html>\t\t\t\t\t\t\t\t<\/div>\n\t\t\t\t\t<\/div>\n\t\t\t\t<\/div>\n\t\t\t\t<\/div>","protected":false},"excerpt":{"rendered":"<p>Szczeg\u00f3\u0142y, kt\u00f3re lubisz Przestronna powierzchnia Zapewnia wi\u0119cej miejsca do wy\u015bwietlania lub przechowywania przedmiot\u00f3w. Regulowany sp\u00f3d Dzi\u0119ki regulowanym n\u00f3\u017ckom szafka stoi bezpiecznie i stabilnie nawet na lekko nier\u00f3wnych pod\u0142ogach. Wysokiej jako\u015bci uchwyty U\u0142atw sobie wysuwanie szuflad do przechowywania. Zabezpieczenie przed przewr\u00f3ceniem Przymocuj szafk\u0119 do \u015bciany za pomoc\u0105 zabezpieczenia przed przewr\u00f3ceniem, aby zapewni\u0107 dodatkow\u0105 stabilno\u015b\u0107 i bezpiecze\u0144stwo. [&hellip;]<\/p>\n","protected":false},"featured_media":1162,"comment_status":"open","ping_status":"closed","template":"","meta":{"_acf_changed":false},"product_brand":[],"product_cat":[53,40],"product_tag":[],"class_list":{"0":"post-1156","1":"product","2":"type-product","3":"status-publish","4":"has-post-thumbnail","6":"product_cat-new-in","7":"product_cat-storage","9":"first","10":"instock","11":"sale","12":"shipping-taxable","13":"purchasable","14":"product-type-variable","15":"has-default-attributes","16":"wvs-archive-product-wrapper"},"acf":[],"_links":{"self":[{"href":"https:\/\/happybuying.shop\/pl\/wp-json\/wp\/v2\/product\/1156","targetHints":{"allow":["GET"]}}],"collection":[{"href":"https:\/\/happybuying.shop\/pl\/wp-json\/wp\/v2\/product"}],"about":[{"href":"https:\/\/happybuying.shop\/pl\/wp-json\/wp\/v2\/types\/product"}],"replies":[{"embeddable":true,"href":"https:\/\/happybuying.shop\/pl\/wp-json\/wp\/v2\/comments?post=1156"}],"version-history":[{"count":4,"href":"https:\/\/happybuying.shop\/pl\/wp-json\/wp\/v2\/product\/1156\/revisions"}],"predecessor-version":[{"id":1197,"href":"https:\/\/happybuying.shop\/pl\/wp-json\/wp\/v2\/product\/1156\/revisions\/1197"}],"wp:featuredmedia":[{"embeddable":true,"href":"https:\/\/happybuying.shop\/pl\/wp-json\/wp\/v2\/media\/1162"}],"wp:attachment":[{"href":"https:\/\/happybuying.shop\/pl\/wp-json\/wp\/v2\/media?parent=1156"}],"wp:term":[{"taxonomy":"product_brand","embeddable":true,"href":"https:\/\/happybuying.shop\/pl\/wp-json\/wp\/v2\/product_brand?post=1156"},{"taxonomy":"product_cat","embeddable":true,"href":"https:\/\/happybuying.shop\/pl\/wp-json\/wp\/v2\/product_cat?post=1156"},{"taxonomy":"product_tag","embeddable":true,"href":"https:\/\/happybuying.shop\/pl\/wp-json\/wp\/v2\/product_tag?post=1156"}],"curies":[{"name":"wp","href":"https:\/\/api.w.org\/{rel}","templated":true}]}}